{"id":312,"date":"2024-11-27T18:10:23","date_gmt":"2024-11-27T18:10:23","guid":{"rendered":"https:\/\/ocsta.rtoeroinsurdev.wpenginepowered.com\/voyages\/"},"modified":"2026-02-03T20:52:49","modified_gmt":"2026-02-03T20:52:49","slug":"voyages","status":"publish","type":"page","link":"https:\/\/ocsta.ententeinsurance.ca\/fr\/voyages\/","title":{"rendered":"Assurance voyage"},"content":{"rendered":"\t\t<div data-elementor-type=\"wp-page\" data-elementor-id=\"312\" class=\"elementor elementor-312 elementor-110\" data-elementor-post-type=\"page\">\n\t\t\t\t<div class=\"elementor-element elementor-element-fd205a1 bg-pri heading-banner e-flex e-con-boxed e-con e-parent\" data-id=\"fd205a1\" data-element_type=\"container\" data-e-type=\"container\">\n\t\t\t\t\t<div class=\"e-con-inner\">\n\t\t\t\t<div class=\"elementor-element elementor-element-5bb6337 elementor-position-left heading-banner-title elementor-vertical-align-top elementor-widget elementor-widget-image-box\" data-id=\"5bb6337\" data-element_type=\"widget\" data-e-type=\"widget\" data-widget_type=\"image-box.default\">\n\t\t\t\t<div class=\"elementor-widget-container\">\n\t\t\t\t\t<div class=\"elementor-image-box-wrapper\"><figure class=\"elementor-image-box-img\"><img loading=\"lazy\" decoding=\"async\" width=\"79\" height=\"70\" src=\"https:\/\/ocsta.ententeinsurance.ca\/wp-content\/uploads\/sites\/3\/2024\/12\/travel.svg\" class=\"attachment-full size-full wp-image-190\" alt=\"plane icon ic\u00f4ne avion\" \/><\/figure><div class=\"elementor-image-box-content\"><h1 class=\"elementor-image-box-title\">Assurance voyage<\/h1><\/div><\/div>\t\t\t\t<\/div>\n\t\t\t\t<\/div>\n\t\t\t\t\t<\/div>\n\t\t\t\t<\/div>\n\t\t<div class=\"elementor-element elementor-element-83b901e e-flex e-con-boxed e-con e-parent\" data-id=\"83b901e\" data-element_type=\"container\" data-e-type=\"container\">\n\t\t\t\t\t<div class=\"e-con-inner\">\n\t\t\t\t<div class=\"elementor-element elementor-element-c724e28 kk elementor-widget elementor-widget-breadcrumbs\" data-id=\"c724e28\" data-element_type=\"widget\" data-e-type=\"widget\" data-widget_type=\"breadcrumbs.default\">\n\t\t\t\t<div class=\"elementor-widget-container\">\n\t\t\t\t\t<p id=\"breadcrumbs\"><span><span><a href=\"https:\/\/ocsta.ententeinsurance.ca\/fr\/\">Home<\/a><\/span><\/span><\/p>\t\t\t\t<\/div>\n\t\t\t\t<\/div>\n\t\t\t\t<div class=\"elementor-element elementor-element-bf5999f page-intro-para elementor-widget-tablet__width-inherit elementor-widget elementor-widget-text-editor\" data-id=\"bf5999f\" data-element_type=\"widget\" data-e-type=\"widget\" data-widget_type=\"text-editor.default\">\n\t\t\t\t<div class=\"elementor-widget-container\">\n\t\t\t\t\t\t\t\t\t<h2>Que vous planifiiez un week-end ou un long p\u00e9riple \u00e0 l\u2019\u00e9tranger, nos options d\u2019assurance voyage sont l\u00e0 pour vous.<\/h2>\n\t\t\t\t\t\t\t\t<\/div>\n\t\t\t\t<\/div>\n\t\t\t\t<div class=\"elementor-element elementor-element-d295128 text-desc desc elementor-widget elementor-widget-text-editor\" data-id=\"d295128\" data-element_type=\"widget\" data-e-type=\"widget\" data-widget_type=\"text-editor.default\">\n\t\t\t\t<div class=\"elementor-widget-container\">\n\t\t\t\t\t\t\t\t\t<h3>Incluse avec votre r\u00e9gime Frais m\u00e9dicaux compl\u00e9mentaires<\/h3><p>Notre assurance voyage compl\u00e8te est int\u00e9gr\u00e9e \u00e0 notre r\u00e9gime Frais m\u00e9dicaux compl\u00e9mentaires, ce qui fait du r\u00e9gime d\u2019assurance Entente une excellente option pour les grands voyageurs.<\/p><p><a href=\"https:\/\/ocsta.ententeinsurance.ca\/fr\/fraismedicauxcomplementaires\/#accordian-link-9\">Explorer la couverture<\/a><\/p><p>\u00a0<\/p><h3>Couverture additionnelle<\/h3><p>Vous pr\u00e9voyez un voyage plus long ou un itin\u00e9raire plus co\u00fbteux? Ajoutez des journ\u00e9es suppl\u00e9mentaires de couverture m\u00e9dicale d\u2019urgence ou augmentez votre limite d\u2019annulation\/interruption de voyage en fonction de vos projets de voyage<\/p><p><a href=\"https:\/\/ocsta.ententeinsurance.ca\/fr\/fraismedicauxcomplementaires\/#accordian-link-12\">Voir les options additionnelles<\/a><\/p><p>\u00a0<\/p><h3>Annulation et interruption de voyage ind\u00e9pendante<\/h3><p>Les membres d&#8217;Entente qui ne souscrivent pas le r\u00e9gime Frais m\u00e9dicaux compl\u00e9mentaires peuvent b\u00e9n\u00e9ficier d\u2019une assurance annulation et interruption de voyage pour se prot\u00e9ger contre les circonstances qui pourraient les emp\u00eacher de voyager ou de terminer un voyage comme pr\u00e9vu.<\/p><p><a href=\"https:\/\/entente.ca\/fr\/assurance\/annulation-et-interruption-de-voyage\/\" target=\"_blank\" rel=\"noopener\">En savoir plus sur la protection offerte<\/a><\/p>\t\t\t\t\t\t\t\t<\/div>\n\t\t\t\t<\/div>\n\t\t\t\t<div class=\"elementor-element elementor-element-f60ec0a elementor-widget elementor-widget-shortcode\" data-id=\"f60ec0a\" data-element_type=\"widget\" data-e-type=\"widget\" data-widget_type=\"shortcode.default\">\n\t\t\t\t<div class=\"elementor-widget-container\">\n\t\t\t\t\t\t\t<div class=\"elementor-shortcode\">\t\t<div data-elementor-type=\"container\" data-elementor-id=\"304\" class=\"elementor elementor-304 elementor-163 elementor-163\" data-elementor-post-type=\"elementor_library\">\n\t\t\t\t<div class=\"elementor-element elementor-element-31eabc15 p-100 pri-ques-wrap e-flex e-con-boxed e-con e-parent\" data-id=\"31eabc15\" data-element_type=\"container\" data-e-type=\"container\">\n\t\t\t\t\t<div class=\"e-con-inner\">\n\t\t<div class=\"elementor-element elementor-element-7ba8e857 e-con-full bg-pri e-flex e-con e-child\" data-id=\"7ba8e857\" data-element_type=\"container\" data-e-type=\"container\">\n\t\t<div class=\"elementor-element elementor-element-340bd969 e-con-full e-flex e-con e-child\" data-id=\"340bd969\" data-element_type=\"container\" data-e-type=\"container\">\n\t\t\t\t<div class=\"elementor-element elementor-element-7aaebe08 elementor-widget__width-inherit elementor-widget elementor-widget-text-editor\" data-id=\"7aaebe08\" data-element_type=\"widget\" data-e-type=\"widget\" data-widget_type=\"text-editor.default\">\n\t\t\t\t<div class=\"elementor-widget-container\">\n\t\t\t\t\t\t\t\t\t<h2>Des questions?<\/h2>\n<p><\/p>\n<h2>Contactez-nous :<\/h2>\n\t\t\t\t\t\t\t\t<\/div>\n\t\t\t\t<\/div>\n\t\t\t\t<\/div>\n\t\t<div class=\"elementor-element elementor-element-2737fd2f e-con-full e-flex e-con e-child\" data-id=\"2737fd2f\" data-element_type=\"container\" data-e-type=\"container\">\n\t\t\t\t<div class=\"elementor-element elementor-element-34e27f58 text-white fs-lg elementor-widget elementor-widget-text-editor\" data-id=\"34e27f58\" data-element_type=\"widget\" data-e-type=\"widget\" data-widget_type=\"text-editor.default\">\n\t\t\t\t<div class=\"elementor-widget-container\">\n\t\t\t\t\t\t\t\t\t<p><a href=\"tel:1-800-361-9888\" target=\"_blank\" rel=\"noopener\">1-800-361-9888<\/a><br \/>Du lundi au vendredi, de 8 h 30 \u00e0 16 h 30 (HAE)<\/p><p><span style=\"text-decoration: underline;\"><a href=\"http:\/\/membership@entente.ca\">membership@entente.ca<\/a><\/span><\/p>\t\t\t\t\t\t\t\t<\/div>\n\t\t\t\t<\/div>\n\t\t\t\t<\/div>\n\t\t\t\t<\/div>\n\t\t\t\t\t<\/div>\n\t\t\t\t<\/div>\n\t\t\t\t<\/div>\n\t\t<\/div>\n\t\t\t\t\t\t<\/div>\n\t\t\t\t<\/div>\n\t\t\t\t\t<\/div>\n\t\t\t\t<\/div>\n\t\t\t\t<\/div>\n\t\t","protected":false},"excerpt":{"rendered":"<p>Assurance voyage Que vous planifiiez un week-end ou un long p\u00e9riple \u00e0 l\u2019\u00e9tranger, nos options d\u2019assurance voyage sont l\u00e0 pour vous. Incluse avec votre r\u00e9gime Frais m\u00e9dicaux compl\u00e9mentaires Notre assurance voyage compl\u00e8te est int\u00e9gr\u00e9e \u00e0 notre r\u00e9gime Frais m\u00e9dicaux compl\u00e9mentaires, ce qui fait du r\u00e9gime d\u2019assurance Entente une excellente option pour les grands voyageurs. Explorer [&hellip;]<\/p>\n","protected":false},"author":1,"featured_media":979,"parent":0,"menu_order":0,"comment_status":"closed","ping_status":"closed","template":"","meta":{"_acf_changed":false,"inline_featured_image":false,"footnotes":""},"class_list":["post-312","page","type-page","status-publish","has-post-thumbnail","hentry"],"acf":[],"yoast_head":"<!-- This site is optimized with the Yoast SEO plugin v27.4 - https:\/\/yoast.com\/product\/yoast-seo-wordpress\/ -->\n<title>Assurance voyage - Assurance collective pour les membres de la PGA du Canada<\/title>\n<meta name=\"robots\" content=\"noindex, follow, max-snippet:-1, max-image-preview:large, max-video-preview:-1\" \/>\n<meta property=\"og:locale\" content=\"fr_FR\" \/>\n<meta property=\"og:type\" content=\"article\" \/>\n<meta property=\"og:title\" content=\"Assurance voyage - Assurance collective pour les membres de la PGA du Canada\" \/>\n<meta property=\"og:description\" content=\"Assurance voyage Que vous planifiiez un week-end ou un long p\u00e9riple \u00e0 l\u2019\u00e9tranger, nos options d\u2019assurance voyage sont l\u00e0 pour vous. Incluse avec votre r\u00e9gime Frais m\u00e9dicaux compl\u00e9mentaires Notre assurance voyage compl\u00e8te est int\u00e9gr\u00e9e \u00e0 notre r\u00e9gime Frais m\u00e9dicaux compl\u00e9mentaires, ce qui fait du r\u00e9gime d\u2019assurance Entente une excellente option pour les grands voyageurs. Explorer [&hellip;]\" \/>\n<meta property=\"og:url\" content=\"https:\/\/ocsta.ententeinsurance.ca\/fr\/voyages\/\" \/>\n<meta property=\"og:site_name\" content=\"Assurance collective pour les membres de la PGA du Canada\" \/>\n<meta property=\"article:modified_time\" content=\"2026-02-03T20:52:49+00:00\" \/>\n<meta property=\"og:image\" content=\"https:\/\/ocsta.ententeinsurance.ca\/wp-content\/uploads\/sites\/3\/2025\/06\/Assurance-voyage.png\" \/>\n\t<meta property=\"og:image:width\" content=\"1200\" \/>\n\t<meta property=\"og:image:height\" content=\"628\" \/>\n\t<meta property=\"og:image:type\" content=\"image\/png\" \/>\n<meta name=\"twitter:card\" content=\"summary_large_image\" \/>\n<meta name=\"twitter:label1\" content=\"Dur\u00e9e de lecture estim\u00e9e\" \/>\n\t<meta name=\"twitter:data1\" content=\"2 minutes\" \/>\n<script type=\"application\/ld+json\" class=\"yoast-schema-graph\">{\"@context\":\"https:\\\/\\\/schema.org\",\"@graph\":[{\"@type\":\"WebPage\",\"@id\":\"https:\\\/\\\/ocsta.ententeinsurance.ca\\\/fr\\\/voyages\\\/\",\"url\":\"https:\\\/\\\/ocsta.ententeinsurance.ca\\\/fr\\\/voyages\\\/\",\"name\":\"Assurance voyage - Assurance collective pour les membres de la PGA du Canada\",\"isPartOf\":{\"@id\":\"https:\\\/\\\/ocsta.ententeinsurance.ca\\\/fr\\\/#website\"},\"primaryImageOfPage\":{\"@id\":\"https:\\\/\\\/ocsta.ententeinsurance.ca\\\/fr\\\/voyages\\\/#primaryimage\"},\"image\":{\"@id\":\"https:\\\/\\\/ocsta.ententeinsurance.ca\\\/fr\\\/voyages\\\/#primaryimage\"},\"thumbnailUrl\":\"https:\\\/\\\/ocsta.ententeinsurance.ca\\\/wp-content\\\/uploads\\\/sites\\\/3\\\/2025\\\/06\\\/Assurance-voyage.png\",\"datePublished\":\"2024-11-27T18:10:23+00:00\",\"dateModified\":\"2026-02-03T20:52:49+00:00\",\"breadcrumb\":{\"@id\":\"https:\\\/\\\/ocsta.ententeinsurance.ca\\\/fr\\\/voyages\\\/#breadcrumb\"},\"inLanguage\":\"fr-FR\",\"potentialAction\":[{\"@type\":\"ReadAction\",\"target\":[\"https:\\\/\\\/ocsta.ententeinsurance.ca\\\/fr\\\/voyages\\\/\"]}]},{\"@type\":\"ImageObject\",\"inLanguage\":\"fr-FR\",\"@id\":\"https:\\\/\\\/ocsta.ententeinsurance.ca\\\/fr\\\/voyages\\\/#primaryimage\",\"url\":\"https:\\\/\\\/ocsta.ententeinsurance.ca\\\/wp-content\\\/uploads\\\/sites\\\/3\\\/2025\\\/06\\\/Assurance-voyage.png\",\"contentUrl\":\"https:\\\/\\\/ocsta.ententeinsurance.ca\\\/wp-content\\\/uploads\\\/sites\\\/3\\\/2025\\\/06\\\/Assurance-voyage.png\",\"width\":1200,\"height\":628,\"caption\":\"Assurance-voyage\"},{\"@type\":\"BreadcrumbList\",\"@id\":\"https:\\\/\\\/ocsta.ententeinsurance.ca\\\/fr\\\/voyages\\\/#breadcrumb\",\"itemListElement\":[{\"@type\":\"ListItem\",\"position\":1,\"name\":\"Home\",\"item\":\"https:\\\/\\\/ocsta.ententeinsurance.ca\\\/fr\\\/\"},{\"@type\":\"ListItem\",\"position\":2,\"name\":\"Assurance voyage\"}]},{\"@type\":\"WebSite\",\"@id\":\"https:\\\/\\\/ocsta.ententeinsurance.ca\\\/fr\\\/#website\",\"url\":\"https:\\\/\\\/ocsta.ententeinsurance.ca\\\/fr\\\/\",\"name\":\"Assurance collective pour les membres de la PGA du Canada\",\"description\":\"Entente Group Insurance Program\",\"potentialAction\":[{\"@type\":\"SearchAction\",\"target\":{\"@type\":\"EntryPoint\",\"urlTemplate\":\"https:\\\/\\\/ocsta.ententeinsurance.ca\\\/fr\\\/?s={search_term_string}\"},\"query-input\":{\"@type\":\"PropertyValueSpecification\",\"valueRequired\":true,\"valueName\":\"search_term_string\"}}],\"inLanguage\":\"fr-FR\"}]}<\/script>\n<!-- \/ Yoast SEO plugin. -->","yoast_head_json":{"title":"Assurance voyage - Assurance collective pour les membres de la PGA du Canada","robots":{"index":"noindex","follow":"follow","max-snippet":"max-snippet:-1","max-image-preview":"max-image-preview:large","max-video-preview":"max-video-preview:-1"},"og_locale":"fr_FR","og_type":"article","og_title":"Assurance voyage - Assurance collective pour les membres de la PGA du Canada","og_description":"Assurance voyage Que vous planifiiez un week-end ou un long p\u00e9riple \u00e0 l\u2019\u00e9tranger, nos options d\u2019assurance voyage sont l\u00e0 pour vous. Incluse avec votre r\u00e9gime Frais m\u00e9dicaux compl\u00e9mentaires Notre assurance voyage compl\u00e8te est int\u00e9gr\u00e9e \u00e0 notre r\u00e9gime Frais m\u00e9dicaux compl\u00e9mentaires, ce qui fait du r\u00e9gime d\u2019assurance Entente une excellente option pour les grands voyageurs. Explorer [&hellip;]","og_url":"https:\/\/ocsta.ententeinsurance.ca\/fr\/voyages\/","og_site_name":"Assurance collective pour les membres de la PGA du Canada","article_modified_time":"2026-02-03T20:52:49+00:00","og_image":[{"width":1200,"height":628,"url":"https:\/\/ocsta.ententeinsurance.ca\/wp-content\/uploads\/sites\/3\/2025\/06\/Assurance-voyage.png","type":"image\/png"}],"twitter_card":"summary_large_image","twitter_misc":{"Dur\u00e9e de lecture estim\u00e9e":"2 minutes"},"schema":{"@context":"https:\/\/schema.org","@graph":[{"@type":"WebPage","@id":"https:\/\/ocsta.ententeinsurance.ca\/fr\/voyages\/","url":"https:\/\/ocsta.ententeinsurance.ca\/fr\/voyages\/","name":"Assurance voyage - Assurance collective pour les membres de la PGA du Canada","isPartOf":{"@id":"https:\/\/ocsta.ententeinsurance.ca\/fr\/#website"},"primaryImageOfPage":{"@id":"https:\/\/ocsta.ententeinsurance.ca\/fr\/voyages\/#primaryimage"},"image":{"@id":"https:\/\/ocsta.ententeinsurance.ca\/fr\/voyages\/#primaryimage"},"thumbnailUrl":"https:\/\/ocsta.ententeinsurance.ca\/wp-content\/uploads\/sites\/3\/2025\/06\/Assurance-voyage.png","datePublished":"2024-11-27T18:10:23+00:00","dateModified":"2026-02-03T20:52:49+00:00","breadcrumb":{"@id":"https:\/\/ocsta.ententeinsurance.ca\/fr\/voyages\/#breadcrumb"},"inLanguage":"fr-FR","potentialAction":[{"@type":"ReadAction","target":["https:\/\/ocsta.ententeinsurance.ca\/fr\/voyages\/"]}]},{"@type":"ImageObject","inLanguage":"fr-FR","@id":"https:\/\/ocsta.ententeinsurance.ca\/fr\/voyages\/#primaryimage","url":"https:\/\/ocsta.ententeinsurance.ca\/wp-content\/uploads\/sites\/3\/2025\/06\/Assurance-voyage.png","contentUrl":"https:\/\/ocsta.ententeinsurance.ca\/wp-content\/uploads\/sites\/3\/2025\/06\/Assurance-voyage.png","width":1200,"height":628,"caption":"Assurance-voyage"},{"@type":"BreadcrumbList","@id":"https:\/\/ocsta.ententeinsurance.ca\/fr\/voyages\/#breadcrumb","itemListElement":[{"@type":"ListItem","position":1,"name":"Home","item":"https:\/\/ocsta.ententeinsurance.ca\/fr\/"},{"@type":"ListItem","position":2,"name":"Assurance voyage"}]},{"@type":"WebSite","@id":"https:\/\/ocsta.ententeinsurance.ca\/fr\/#website","url":"https:\/\/ocsta.ententeinsurance.ca\/fr\/","name":"Assurance collective pour les membres de la PGA du Canada","description":"Entente Group Insurance Program","potentialAction":[{"@type":"SearchAction","target":{"@type":"EntryPoint","urlTemplate":"https:\/\/ocsta.ententeinsurance.ca\/fr\/?s={search_term_string}"},"query-input":{"@type":"PropertyValueSpecification","valueRequired":true,"valueName":"search_term_string"}}],"inLanguage":"fr-FR"}]}},"_links":{"self":[{"href":"https:\/\/ocsta.ententeinsurance.ca\/fr\/wp-json\/wp\/v2\/pages\/312","targetHints":{"allow":["GET"]}}],"collection":[{"href":"https:\/\/ocsta.ententeinsurance.ca\/fr\/wp-json\/wp\/v2\/pages"}],"about":[{"href":"https:\/\/ocsta.ententeinsurance.ca\/fr\/wp-json\/wp\/v2\/types\/page"}],"author":[{"embeddable":true,"href":"https:\/\/ocsta.ententeinsurance.ca\/fr\/wp-json\/wp\/v2\/users\/1"}],"replies":[{"embeddable":true,"href":"https:\/\/ocsta.ententeinsurance.ca\/fr\/wp-json\/wp\/v2\/comments?post=312"}],"version-history":[{"count":0,"href":"https:\/\/ocsta.ententeinsurance.ca\/fr\/wp-json\/wp\/v2\/pages\/312\/revisions"}],"wp:featuredmedia":[{"embeddable":true,"href":"https:\/\/ocsta.ententeinsurance.ca\/fr\/wp-json\/wp\/v2\/media\/979"}],"wp:attachment":[{"href":"https:\/\/ocsta.ententeinsurance.ca\/fr\/wp-json\/wp\/v2\/media?parent=312"}],"curies":[{"name":"wp","href":"https:\/\/api.w.org\/{rel}","templated":true}]}}