{"id":315,"date":"2024-11-27T18:09:48","date_gmt":"2024-11-27T18:09:48","guid":{"rendered":"https:\/\/ocsta.rtoeroinsurdev.wpenginepowered.com\/assurance-dentaire\/"},"modified":"2026-02-03T20:57:41","modified_gmt":"2026-02-03T20:57:41","slug":"assurancedentaire","status":"publish","type":"page","link":"https:\/\/ocsta.ententeinsurance.ca\/fr\/assurancedentaire\/","title":{"rendered":"Assurance dentaire"},"content":{"rendered":"\t\t<div data-elementor-type=\"wp-page\" data-elementor-id=\"315\" class=\"elementor elementor-315 elementor-108\" data-elementor-post-type=\"page\">\n\t\t\t\t<div class=\"elementor-element elementor-element-ddd15fc bg-pri heading-banner e-flex e-con-boxed e-con e-parent\" data-id=\"ddd15fc\" data-element_type=\"container\" data-e-type=\"container\">\n\t\t\t\t\t<div class=\"e-con-inner\">\n\t\t\t\t<div class=\"elementor-element elementor-element-d524e5b elementor-position-left elementor-vertical-align-middle heading-banner-title elementor-widget elementor-widget-image-box\" data-id=\"d524e5b\" data-element_type=\"widget\" data-e-type=\"widget\" data-widget_type=\"image-box.default\">\n\t\t\t\t<div class=\"elementor-widget-container\">\n\t\t\t\t\t<div class=\"elementor-image-box-wrapper\"><figure class=\"elementor-image-box-img\"><img loading=\"lazy\" decoding=\"async\" width=\"63\" height=\"70\" src=\"https:\/\/ocsta.ententeinsurance.ca\/wp-content\/uploads\/sites\/3\/2024\/12\/dental-icon-large.svg\" class=\"attachment-full size-full wp-image-197\" alt=\"tooth icon ic\u00f4ne de dent\" \/><\/figure><div class=\"elementor-image-box-content\"><h1 class=\"elementor-image-box-title\">Assurance dentaire<\/h1><\/div><\/div>\t\t\t\t<\/div>\n\t\t\t\t<\/div>\n\t\t\t\t\t<\/div>\n\t\t\t\t<\/div>\n\t\t<div class=\"elementor-element elementor-element-a05dfb9 e-flex e-con-boxed e-con e-parent\" data-id=\"a05dfb9\" data-element_type=\"container\" data-e-type=\"container\">\n\t\t\t\t\t<div class=\"e-con-inner\">\n\t\t\t\t<div class=\"elementor-element elementor-element-07f7dd3 elementor-widget elementor-widget-breadcrumbs\" data-id=\"07f7dd3\" data-element_type=\"widget\" data-e-type=\"widget\" data-widget_type=\"breadcrumbs.default\">\n\t\t\t\t<div class=\"elementor-widget-container\">\n\t\t\t\t\t<p id=\"breadcrumbs\"><span><span><a href=\"https:\/\/ocsta.ententeinsurance.ca\/fr\/\">Home<\/a><\/span><\/span><\/p>\t\t\t\t<\/div>\n\t\t\t\t<\/div>\n\t\t\t\t<div class=\"elementor-element elementor-element-6c37e39 page-intro-para elementor-widget elementor-widget-text-editor\" data-id=\"6c37e39\" data-element_type=\"widget\" data-e-type=\"widget\" data-widget_type=\"text-editor.default\">\n\t\t\t\t<div class=\"elementor-widget-container\">\n\t\t\t\t\t\t\t\t\t<h2>Notre assurance dentaire couvre les proc\u00e9dures effectu\u00e9es par un dentiste, un denturologiste ou une hygi\u00e9niste dentaire. De plus, vous \u00eates couverts pour les soins dentaires admissibles requis en voyage.<\/h2>\n\t\t\t\t\t\t\t\t<\/div>\n\t\t\t\t<\/div>\n\t\t\t\t<div class=\"elementor-element elementor-element-087520c color-pr elementor-widget elementor-widget-heading\" data-id=\"087520c\" data-element_type=\"widget\" data-e-type=\"widget\" data-widget_type=\"heading.default\">\n\t\t\t\t<div class=\"elementor-widget-container\">\n\t\t\t\t\t<h2 class=\"elementor-heading-title elementor-size-default\">D\u00e9tails de la protection offerte<\/h2>\t\t\t\t<\/div>\n\t\t\t\t<\/div>\n\t\t\t\t<div class=\"elementor-element elementor-element-08c4b4d elementor-position-inline-start color-pr dwnld-guide-icon elementor-view-default elementor-mobile-position-block-start elementor-widget elementor-widget-icon-box\" data-id=\"08c4b4d\" data-element_type=\"widget\" data-e-type=\"widget\" data-widget_type=\"icon-box.default\">\n\t\t\t\t<div class=\"elementor-widget-container\">\n\t\t\t\t\t\t\t<div class=\"elementor-icon-box-wrapper\">\n\n\t\t\t\t\t\t<div class=\"elementor-icon-box-icon\">\n\t\t\t\t<a href=\"https:\/\/entente.ca\/media\/livret-des-regimes-assurance-pages-simples.pdf\" target=\"_blank\" class=\"elementor-icon\" tabindex=\"-1\" aria-label=\"T\u00e9l\u00e9charger les d\u00e9tails complets du r\u00e9gime\">\n\t\t\t\t<svg xmlns=\"http:\/\/www.w3.org\/2000\/svg\" id=\"downloads\" width=\"24\" height=\"24\" viewBox=\"0 0 24 24\"><g id=\"Group_16\" data-name=\"Group 16\" transform=\"translate(0 0)\"><g id=\"Group_15\" data-name=\"Group 15\" transform=\"translate(0 0)\"><g id=\"Group_14\" data-name=\"Group 14\"><path id=\"Path_23\" data-name=\"Path 23\" d=\"M18.667,24H5.333A5.334,5.334,0,0,1,0,18.667V17.333a1.333,1.333,0,1,1,2.667,0v1.333a2.667,2.667,0,0,0,2.667,2.667H18.667a2.667,2.667,0,0,0,2.667-2.667V17.333a1.333,1.333,0,1,1,2.667,0v1.333A5.334,5.334,0,0,1,18.667,24ZM12,18.667a1.329,1.329,0,0,1-.931-.379h0l0,0h0l0,0h0l0,0L5.724,12.943a1.333,1.333,0,1,1,1.886-1.886l3.057,3.057V1.333a1.333,1.333,0,1,1,2.667,0V14.114l3.057-3.057a1.333,1.333,0,0,1,1.886,1.886l-5.333,5.333,0,0h0l0,0h0l0,0h0l-.045.042a1.325,1.325,0,0,1-.367.233h0a1.327,1.327,0,0,1-.517.1Z\" transform=\"translate(0 0)\" fill=\"#b00104\"><\/path><\/g><\/g><\/g><\/svg>\t\t\t\t<\/a>\n\t\t\t<\/div>\n\t\t\t\n\t\t\t\t\t\t<div class=\"elementor-icon-box-content\">\n\n\t\t\t\t\t\t\t\t\t<p class=\"elementor-icon-box-title\">\n\t\t\t\t\t\t<a href=\"https:\/\/entente.ca\/media\/livret-des-regimes-assurance-pages-simples.pdf\" target=\"_blank\" >\n\t\t\t\t\t\t\tT\u00e9l\u00e9charger les d\u00e9tails complets du r\u00e9gime\t\t\t\t\t\t<\/a>\n\t\t\t\t\t<\/p>\n\t\t\t\t\n\t\t\t\t\n\t\t\t<\/div>\n\t\t\t\n\t\t<\/div>\n\t\t\t\t\t\t<\/div>\n\t\t\t\t<\/div>\n\t\t\t\t<div class=\"elementor-element elementor-element-e0077dc elementor-widget elementor-widget-shortcode\" data-id=\"e0077dc\" data-element_type=\"widget\" data-e-type=\"widget\" data-widget_type=\"shortcode.default\">\n\t\t\t\t<div class=\"elementor-widget-container\">\n\t\t\t\t\t\t\t<div class=\"elementor-shortcode\">\t\n\t<div class=\"container-fluid plan-desc-wrap style_2\">\n  <div class=\"row\">\n    <div class=\"col-12\">\n\t\t\t\t\t \n<div class=\"insr-img-title-wrap\" id=\"accordian-link-1\">\n        <div class=\"img-title-wrap d-flex align-items-center \">\n\t\t\t          <h3 class=\"mb-0\">Soins dentaires de base et de pr\u00e9vention<\/h3>\n        <\/div> \n\t\t<div class=\"outer-desc \">\n\t\t        <div class=\"desc \"> <h3>Soins dentaires de base et de pr\u00e9vention<\/h3>\n<ul>\n<li>Remboursement \u00e0 85 %<\/li>\n<li>Examen bucco-dentaire standard, polissage et radiographie tous les neuf mois<\/li>\n<li>Application topique de fluorure une fois toutes les trois ann\u00e9es civiles cons\u00e9cutives<\/li>\n<li>Extractions chirurgicales de dents et de racines, ablation de tumeurs et de kystes et drainage d\u2019abc\u00e8s<\/li>\n<li>Anesth\u00e9sie g\u00e9n\u00e9rale<\/li>\n<li>Ajustement, r\u00e9parations ou rebasage de proth\u00e8ses dentaires<\/li>\n<li>Jusqu\u2019\u00e0 huit unit\u00e9s de d\u00e9tartrage par ann\u00e9e civile<\/li>\n<\/ul>\n<h3>Restaurations mineures<\/h3>\n<ul>\n<li>Remboursement \u00e0 80 %<\/li>\n<li>800 $ par personne, par ann\u00e9e civile<\/li>\n<li>Endodontie et parodontie, y compris le traitement des maladies de la pulpe dentaire, traitement de canal et traitement des os et des tissus.<\/li>\n<li>Chirurgies d\u2019implants dentaires<\/li>\n<\/ul>\n<h3>Restaurations extensives<\/h3>\n<ul>\n<li>Remboursement \u00e0 50 %<\/li>\n<li>800 $ par personne et par ann\u00e9e civile pour les couronnes, les piliers, les incrustations profondes et en surface.<\/li>\n<li>800 $ par personne et par ann\u00e9e civile pour l\u2019installation ou la r\u00e9paration de ponts et de proth\u00e8ses permanentes<\/li>\n<\/ul>\n<\/div>\n\t\t      <\/div>\n\t  <\/div>\n\t\t\t\t\t\t<\/div>\n  <\/div>\n<\/div>\n\t\t\t\t<div data-elementor-type=\"container\" data-elementor-id=\"303\" class=\"elementor elementor-303 elementor-162 elementor-162\" data-elementor-post-type=\"elementor_library\">\n\t\t\t\t<div class=\"elementor-element elementor-element-e3bcf18 e-flex e-con-boxed e-con e-parent\" data-id=\"e3bcf18\" data-element_type=\"container\" data-e-type=\"container\">\n\t\t\t\t\t<div class=\"e-con-inner\">\n\t\t\t\t<div class=\"elementor-element elementor-element-02c4f83 color-pr elementor-widget elementor-widget-heading\" data-id=\"02c4f83\" data-element_type=\"widget\" data-e-type=\"widget\" data-widget_type=\"heading.default\">\n\t\t\t\t<div class=\"elementor-widget-container\">\n\t\t\t\t\t<h2 class=\"elementor-heading-title elementor-size-default\">Demande d\u2019assurance et d\u2019adh\u00e9sion en ligne<\/h2>\t\t\t\t<\/div>\n\t\t\t\t<\/div>\n\t\t<div class=\"elementor-element elementor-element-b89ba0b e-con-full e-flex e-con e-child\" data-id=\"b89ba0b\" data-element_type=\"container\" data-e-type=\"container\">\n\t\t<div class=\"elementor-element elementor-element-62abc3b e-con-full e-flex e-con e-child\" data-id=\"62abc3b\" data-element_type=\"container\" data-e-type=\"container\">\n\t\t\t\t<div class=\"elementor-element elementor-element-74d9295 elementor-widget elementor-widget-image\" data-id=\"74d9295\" data-element_type=\"widget\" data-e-type=\"widget\" data-widget_type=\"image.default\">\n\t\t\t\t<div class=\"elementor-widget-container\">\n\t\t\t\t\t\t\t\t\t\t\t\t\t\t\t<img loading=\"lazy\" decoding=\"async\" width=\"1460\" height=\"1234\" src=\"https:\/\/ocsta.ententeinsurance.ca\/wp-content\/uploads\/sites\/3\/2025\/06\/Insurance-program-booklet.png\" class=\"attachment-full size-full wp-image-589\" alt=\"insurance and membership\" srcset=\"https:\/\/ocsta.ententeinsurance.ca\/wp-content\/uploads\/sites\/3\/2025\/06\/Insurance-program-booklet.png 1460w, https:\/\/ocsta.ententeinsurance.ca\/wp-content\/uploads\/sites\/3\/2025\/06\/Insurance-program-booklet-300x254.png 300w, https:\/\/ocsta.ententeinsurance.ca\/wp-content\/uploads\/sites\/3\/2025\/06\/Insurance-program-booklet-1024x865.png 1024w, https:\/\/ocsta.ententeinsurance.ca\/wp-content\/uploads\/sites\/3\/2025\/06\/Insurance-program-booklet-768x649.png 768w\" sizes=\"auto, (max-width: 1460px) 100vw, 1460px\" \/>\t\t\t\t\t\t\t\t\t\t\t\t\t\t\t<\/div>\n\t\t\t\t<\/div>\n\t\t\t\t<\/div>\n\t\t<div class=\"elementor-element elementor-element-dd41179 e-con-full e-flex e-con e-child\" data-id=\"dd41179\" data-element_type=\"container\" data-e-type=\"container\">\n\t\t\t\t<div class=\"elementor-element elementor-element-522c15f elementor-position-left img-pri-color img-box elementor-position-left elementor-vertical-align-top elementor-widget elementor-widget-image-box\" data-id=\"522c15f\" data-element_type=\"widget\" data-e-type=\"widget\" data-widget_type=\"image-box.default\">\n\t\t\t\t<div class=\"elementor-widget-container\">\n\t\t\t\t\t<div class=\"elementor-image-box-wrapper\"><figure class=\"elementor-image-box-img\"><img loading=\"lazy\" decoding=\"async\" width=\"1\" height=\"1\" src=\"https:\/\/ocsta.ententeinsurance.ca\/wp-content\/uploads\/sites\/3\/2025\/06\/shield-trust.svg\" class=\"attachment-full size-full wp-image-594\" alt=\"\" \/><\/figure><div class=\"elementor-image-box-content\"><h3 class=\"elementor-image-box-title\">Acceptation garantie<\/h3><p class=\"elementor-image-box-description\">La garantie d\u2019acceptation est toujours disponible pour les membres transf\u00e9r\u00e9s d\u2019un autre r\u00e9gime collectif ou compl\u00e9tant un autre r\u00e9gime collectif. <\/p><\/div><\/div>\t\t\t\t<\/div>\n\t\t\t\t<\/div>\n\t\t\t\t<div class=\"elementor-element elementor-element-99873e2 elementor-position-left img-pri-color img-box elementor-position-left elementor-vertical-align-top elementor-widget elementor-widget-image-box\" data-id=\"99873e2\" data-element_type=\"widget\" data-e-type=\"widget\" data-widget_type=\"image-box.default\">\n\t\t\t\t<div class=\"elementor-widget-container\">\n\t\t\t\t\t<div class=\"elementor-image-box-wrapper\"><figure class=\"elementor-image-box-img\"><img loading=\"lazy\" decoding=\"async\" width=\"1\" height=\"1\" src=\"https:\/\/ocsta.ententeinsurance.ca\/wp-content\/uploads\/sites\/3\/2025\/06\/shield-trust.svg\" class=\"attachment-full size-full wp-image-594\" alt=\"\" \/><\/figure><div class=\"elementor-image-box-content\"><h3 class=\"elementor-image-box-title\">La couverture requise<\/h3><p class=\"elementor-image-box-description\">Protection individuelle, de couple ou familiale disponible. L\u2019assurance voyage compl\u00e8te vous prot\u00e8ge. <\/p><\/div><\/div>\t\t\t\t<\/div>\n\t\t\t\t<\/div>\n\t\t\t\t<div class=\"elementor-element elementor-element-0634279 elementor-position-left img-pri-color img-box elementor-position-left elementor-vertical-align-top elementor-widget elementor-widget-image-box\" data-id=\"0634279\" data-element_type=\"widget\" data-e-type=\"widget\" data-widget_type=\"image-box.default\">\n\t\t\t\t<div class=\"elementor-widget-container\">\n\t\t\t\t\t<div class=\"elementor-image-box-wrapper\"><figure class=\"elementor-image-box-img\"><img loading=\"lazy\" decoding=\"async\" width=\"1\" height=\"1\" src=\"https:\/\/ocsta.ententeinsurance.ca\/wp-content\/uploads\/sites\/3\/2025\/06\/shield-trust.svg\" class=\"attachment-full size-full wp-image-594\" alt=\"\" \/><\/figure><div class=\"elementor-image-box-content\"><h3 class=\"elementor-image-box-title\">Plus qu\u2019une assurance<\/h3><p class=\"elementor-image-box-description\">Vous devenez membre de Entente \u00c9ducation Canada, ce qui vous donne acc\u00e8s \u00e0 des avantages exclusifs, \u00e0 une plateforme nationale de mobilisation politique et \u00e0 des occasions de faire des contacts, de diriger et de rendre service au sein d\u2019une communaut\u00e9 qui valorise l\u2019\u00e9ducation et le service public.<\/p><\/div><\/div>\t\t\t\t<\/div>\n\t\t\t\t<\/div>\n\t\t\t\t<\/div>\n\t\t\t\t<\/div>\n\t\t\t\t<div class=\"elementor-element elementor-element-26bedb7 cmn-btn elementor-align-center elementor-mobile-align-center elementor-widget elementor-widget-button\" data-id=\"26bedb7\" data-element_type=\"widget\" data-e-type=\"widget\" data-widget_type=\"button.default\">\n\t\t\t\t<div class=\"elementor-widget-container\">\n\t\t\t\t\t\t\t\t\t<div class=\"elementor-button-wrapper\">\n\t\t\t\t\t<a class=\"elementor-button elementor-button-link elementor-size-sm\" href=\"\/fr\/souscrivez-des-maintenant\/\">\n\t\t\t\t\t\t<span class=\"elementor-button-content-wrapper\">\n\t\t\t\t\t\t\t\t\t<span class=\"elementor-button-text\">Devenez membre d\u00e8s maintenant<\/span>\n\t\t\t\t\t<\/span>\n\t\t\t\t\t<\/a>\n\t\t\t\t<\/div>\n\t\t\t\t\t\t\t\t<\/div>\n\t\t\t\t<\/div>\n\t\t\t\t\t<\/div>\n\t\t\t\t<\/div>\n\t\t\t\t<\/div>\n\t\t\t\t<div data-elementor-type=\"container\" data-elementor-id=\"304\" class=\"elementor elementor-304 elementor-163 elementor-163\" data-elementor-post-type=\"elementor_library\">\n\t\t\t\t<div class=\"elementor-element elementor-element-31eabc15 p-100 pri-ques-wrap e-flex e-con-boxed e-con e-parent\" data-id=\"31eabc15\" data-element_type=\"container\" data-e-type=\"container\">\n\t\t\t\t\t<div class=\"e-con-inner\">\n\t\t<div class=\"elementor-element elementor-element-7ba8e857 e-con-full bg-pri e-flex e-con e-child\" data-id=\"7ba8e857\" data-element_type=\"container\" data-e-type=\"container\">\n\t\t<div class=\"elementor-element elementor-element-340bd969 e-con-full e-flex e-con e-child\" data-id=\"340bd969\" data-element_type=\"container\" data-e-type=\"container\">\n\t\t\t\t<div class=\"elementor-element elementor-element-7aaebe08 elementor-widget__width-inherit elementor-widget elementor-widget-text-editor\" data-id=\"7aaebe08\" data-element_type=\"widget\" data-e-type=\"widget\" data-widget_type=\"text-editor.default\">\n\t\t\t\t<div class=\"elementor-widget-container\">\n\t\t\t\t\t\t\t\t\t<h2>Des questions?<\/h2>\n<p><\/p>\n<h2>Contactez-nous :<\/h2>\n\t\t\t\t\t\t\t\t<\/div>\n\t\t\t\t<\/div>\n\t\t\t\t<\/div>\n\t\t<div class=\"elementor-element elementor-element-2737fd2f e-con-full e-flex e-con e-child\" data-id=\"2737fd2f\" data-element_type=\"container\" data-e-type=\"container\">\n\t\t\t\t<div class=\"elementor-element elementor-element-34e27f58 text-white fs-lg elementor-widget elementor-widget-text-editor\" data-id=\"34e27f58\" data-element_type=\"widget\" data-e-type=\"widget\" data-widget_type=\"text-editor.default\">\n\t\t\t\t<div class=\"elementor-widget-container\">\n\t\t\t\t\t\t\t\t\t<p><a href=\"tel:1-800-361-9888\" target=\"_blank\" rel=\"noopener\">1-800-361-9888<\/a><br \/>Du lundi au vendredi, de 8 h 30 \u00e0 16 h 30 (HAE)<\/p><p><span style=\"text-decoration: underline;\"><a href=\"http:\/\/membership@entente.ca\">membership@entente.ca<\/a><\/span><\/p>\t\t\t\t\t\t\t\t<\/div>\n\t\t\t\t<\/div>\n\t\t\t\t<\/div>\n\t\t\t\t<\/div>\n\t\t\t\t\t<\/div>\n\t\t\t\t<\/div>\n\t\t\t\t<\/div>\n\t\t<\/div>\n\t\t\t\t\t\t<\/div>\n\t\t\t\t<\/div>\n\t\t\t\t\t<\/div>\n\t\t\t\t<\/div>\n\t\t\t\t<\/div>\n\t\t","protected":false},"excerpt":{"rendered":"<p>Assurance dentaire Notre assurance dentaire couvre les proc\u00e9dures effectu\u00e9es par un dentiste, un denturologiste ou une hygi\u00e9niste dentaire. De plus, vous \u00eates couverts pour les soins dentaires admissibles requis en voyage. D\u00e9tails de la protection offerte T\u00e9l\u00e9charger les d\u00e9tails complets du r\u00e9gime<\/p>\n","protected":false},"author":1,"featured_media":981,"parent":0,"menu_order":0,"comment_status":"closed","ping_status":"closed","template":"","meta":{"_acf_changed":false,"inline_featured_image":false,"footnotes":""},"class_list":["post-315","page","type-page","status-publish","has-post-thumbnail","hentry"],"acf":[],"yoast_head":"<!-- This site is optimized with the Yoast SEO plugin v27.4 - https:\/\/yoast.com\/product\/yoast-seo-wordpress\/ -->\n<title>Assurance dentaire - Assurance collective pour les membres de la PGA du Canada<\/title>\n<meta name=\"robots\" content=\"noindex, follow, max-snippet:-1, max-image-preview:large, max-video-preview:-1\" \/>\n<meta property=\"og:locale\" content=\"fr_FR\" \/>\n<meta property=\"og:type\" content=\"article\" \/>\n<meta property=\"og:title\" content=\"Assurance dentaire - Assurance collective pour les membres de la PGA du Canada\" \/>\n<meta property=\"og:description\" content=\"Assurance dentaire Notre assurance dentaire couvre les proc\u00e9dures effectu\u00e9es par un dentiste, un denturologiste ou une hygi\u00e9niste dentaire. De plus, vous \u00eates couverts pour les soins dentaires admissibles requis en voyage. D\u00e9tails de la protection offerte T\u00e9l\u00e9charger les d\u00e9tails complets du r\u00e9gime\" \/>\n<meta property=\"og:url\" content=\"https:\/\/ocsta.ententeinsurance.ca\/fr\/assurancedentaire\/\" \/>\n<meta property=\"og:site_name\" content=\"Assurance collective pour les membres de la PGA du Canada\" \/>\n<meta property=\"article:modified_time\" content=\"2026-02-03T20:57:41+00:00\" \/>\n<meta property=\"og:image\" content=\"https:\/\/ocsta.ententeinsurance.ca\/wp-content\/uploads\/sites\/3\/2025\/06\/Dentaire.png\" \/>\n\t<meta property=\"og:image:width\" content=\"1200\" \/>\n\t<meta property=\"og:image:height\" content=\"628\" \/>\n\t<meta property=\"og:image:type\" content=\"image\/png\" \/>\n<meta name=\"twitter:card\" content=\"summary_large_image\" \/>\n<meta name=\"twitter:label1\" content=\"Dur\u00e9e de lecture estim\u00e9e\" \/>\n\t<meta name=\"twitter:data1\" content=\"2 minutes\" \/>\n<script type=\"application\/ld+json\" class=\"yoast-schema-graph\">{\"@context\":\"https:\\\/\\\/schema.org\",\"@graph\":[{\"@type\":\"WebPage\",\"@id\":\"https:\\\/\\\/ocsta.ententeinsurance.ca\\\/fr\\\/assurancedentaire\\\/\",\"url\":\"https:\\\/\\\/ocsta.ententeinsurance.ca\\\/fr\\\/assurancedentaire\\\/\",\"name\":\"Assurance dentaire - Assurance collective pour les membres de la PGA du Canada\",\"isPartOf\":{\"@id\":\"https:\\\/\\\/ocsta.ententeinsurance.ca\\\/fr\\\/#website\"},\"primaryImageOfPage\":{\"@id\":\"https:\\\/\\\/ocsta.ententeinsurance.ca\\\/fr\\\/assurancedentaire\\\/#primaryimage\"},\"image\":{\"@id\":\"https:\\\/\\\/ocsta.ententeinsurance.ca\\\/fr\\\/assurancedentaire\\\/#primaryimage\"},\"thumbnailUrl\":\"https:\\\/\\\/ocsta.ententeinsurance.ca\\\/wp-content\\\/uploads\\\/sites\\\/3\\\/2025\\\/06\\\/Dentaire.png\",\"datePublished\":\"2024-11-27T18:09:48+00:00\",\"dateModified\":\"2026-02-03T20:57:41+00:00\",\"breadcrumb\":{\"@id\":\"https:\\\/\\\/ocsta.ententeinsurance.ca\\\/fr\\\/assurancedentaire\\\/#breadcrumb\"},\"inLanguage\":\"fr-FR\",\"potentialAction\":[{\"@type\":\"ReadAction\",\"target\":[\"https:\\\/\\\/ocsta.ententeinsurance.ca\\\/fr\\\/assurancedentaire\\\/\"]}]},{\"@type\":\"ImageObject\",\"inLanguage\":\"fr-FR\",\"@id\":\"https:\\\/\\\/ocsta.ententeinsurance.ca\\\/fr\\\/assurancedentaire\\\/#primaryimage\",\"url\":\"https:\\\/\\\/ocsta.ententeinsurance.ca\\\/wp-content\\\/uploads\\\/sites\\\/3\\\/2025\\\/06\\\/Dentaire.png\",\"contentUrl\":\"https:\\\/\\\/ocsta.ententeinsurance.ca\\\/wp-content\\\/uploads\\\/sites\\\/3\\\/2025\\\/06\\\/Dentaire.png\",\"width\":1200,\"height\":628,\"caption\":\"Dentaire\"},{\"@type\":\"BreadcrumbList\",\"@id\":\"https:\\\/\\\/ocsta.ententeinsurance.ca\\\/fr\\\/assurancedentaire\\\/#breadcrumb\",\"itemListElement\":[{\"@type\":\"ListItem\",\"position\":1,\"name\":\"Home\",\"item\":\"https:\\\/\\\/ocsta.ententeinsurance.ca\\\/fr\\\/\"},{\"@type\":\"ListItem\",\"position\":2,\"name\":\"Assurance dentaire\"}]},{\"@type\":\"WebSite\",\"@id\":\"https:\\\/\\\/ocsta.ententeinsurance.ca\\\/fr\\\/#website\",\"url\":\"https:\\\/\\\/ocsta.ententeinsurance.ca\\\/fr\\\/\",\"name\":\"Assurance collective pour les membres de la PGA du Canada\",\"description\":\"Entente Group Insurance Program\",\"potentialAction\":[{\"@type\":\"SearchAction\",\"target\":{\"@type\":\"EntryPoint\",\"urlTemplate\":\"https:\\\/\\\/ocsta.ententeinsurance.ca\\\/fr\\\/?s={search_term_string}\"},\"query-input\":{\"@type\":\"PropertyValueSpecification\",\"valueRequired\":true,\"valueName\":\"search_term_string\"}}],\"inLanguage\":\"fr-FR\"}]}<\/script>\n<!-- \/ Yoast SEO plugin. -->","yoast_head_json":{"title":"Assurance dentaire - Assurance collective pour les membres de la PGA du Canada","robots":{"index":"noindex","follow":"follow","max-snippet":"max-snippet:-1","max-image-preview":"max-image-preview:large","max-video-preview":"max-video-preview:-1"},"og_locale":"fr_FR","og_type":"article","og_title":"Assurance dentaire - Assurance collective pour les membres de la PGA du Canada","og_description":"Assurance dentaire Notre assurance dentaire couvre les proc\u00e9dures effectu\u00e9es par un dentiste, un denturologiste ou une hygi\u00e9niste dentaire. De plus, vous \u00eates couverts pour les soins dentaires admissibles requis en voyage. D\u00e9tails de la protection offerte T\u00e9l\u00e9charger les d\u00e9tails complets du r\u00e9gime","og_url":"https:\/\/ocsta.ententeinsurance.ca\/fr\/assurancedentaire\/","og_site_name":"Assurance collective pour les membres de la PGA du Canada","article_modified_time":"2026-02-03T20:57:41+00:00","og_image":[{"width":1200,"height":628,"url":"https:\/\/ocsta.ententeinsurance.ca\/wp-content\/uploads\/sites\/3\/2025\/06\/Dentaire.png","type":"image\/png"}],"twitter_card":"summary_large_image","twitter_misc":{"Dur\u00e9e de lecture estim\u00e9e":"2 minutes"},"schema":{"@context":"https:\/\/schema.org","@graph":[{"@type":"WebPage","@id":"https:\/\/ocsta.ententeinsurance.ca\/fr\/assurancedentaire\/","url":"https:\/\/ocsta.ententeinsurance.ca\/fr\/assurancedentaire\/","name":"Assurance dentaire - Assurance collective pour les membres de la PGA du Canada","isPartOf":{"@id":"https:\/\/ocsta.ententeinsurance.ca\/fr\/#website"},"primaryImageOfPage":{"@id":"https:\/\/ocsta.ententeinsurance.ca\/fr\/assurancedentaire\/#primaryimage"},"image":{"@id":"https:\/\/ocsta.ententeinsurance.ca\/fr\/assurancedentaire\/#primaryimage"},"thumbnailUrl":"https:\/\/ocsta.ententeinsurance.ca\/wp-content\/uploads\/sites\/3\/2025\/06\/Dentaire.png","datePublished":"2024-11-27T18:09:48+00:00","dateModified":"2026-02-03T20:57:41+00:00","breadcrumb":{"@id":"https:\/\/ocsta.ententeinsurance.ca\/fr\/assurancedentaire\/#breadcrumb"},"inLanguage":"fr-FR","potentialAction":[{"@type":"ReadAction","target":["https:\/\/ocsta.ententeinsurance.ca\/fr\/assurancedentaire\/"]}]},{"@type":"ImageObject","inLanguage":"fr-FR","@id":"https:\/\/ocsta.ententeinsurance.ca\/fr\/assurancedentaire\/#primaryimage","url":"https:\/\/ocsta.ententeinsurance.ca\/wp-content\/uploads\/sites\/3\/2025\/06\/Dentaire.png","contentUrl":"https:\/\/ocsta.ententeinsurance.ca\/wp-content\/uploads\/sites\/3\/2025\/06\/Dentaire.png","width":1200,"height":628,"caption":"Dentaire"},{"@type":"BreadcrumbList","@id":"https:\/\/ocsta.ententeinsurance.ca\/fr\/assurancedentaire\/#breadcrumb","itemListElement":[{"@type":"ListItem","position":1,"name":"Home","item":"https:\/\/ocsta.ententeinsurance.ca\/fr\/"},{"@type":"ListItem","position":2,"name":"Assurance dentaire"}]},{"@type":"WebSite","@id":"https:\/\/ocsta.ententeinsurance.ca\/fr\/#website","url":"https:\/\/ocsta.ententeinsurance.ca\/fr\/","name":"Assurance collective pour les membres de la PGA du Canada","description":"Entente Group Insurance Program","potentialAction":[{"@type":"SearchAction","target":{"@type":"EntryPoint","urlTemplate":"https:\/\/ocsta.ententeinsurance.ca\/fr\/?s={search_term_string}"},"query-input":{"@type":"PropertyValueSpecification","valueRequired":true,"valueName":"search_term_string"}}],"inLanguage":"fr-FR"}]}},"_links":{"self":[{"href":"https:\/\/ocsta.ententeinsurance.ca\/fr\/wp-json\/wp\/v2\/pages\/315","targetHints":{"allow":["GET"]}}],"collection":[{"href":"https:\/\/ocsta.ententeinsurance.ca\/fr\/wp-json\/wp\/v2\/pages"}],"about":[{"href":"https:\/\/ocsta.ententeinsurance.ca\/fr\/wp-json\/wp\/v2\/types\/page"}],"author":[{"embeddable":true,"href":"https:\/\/ocsta.ententeinsurance.ca\/fr\/wp-json\/wp\/v2\/users\/1"}],"replies":[{"embeddable":true,"href":"https:\/\/ocsta.ententeinsurance.ca\/fr\/wp-json\/wp\/v2\/comments?post=315"}],"version-history":[{"count":0,"href":"https:\/\/ocsta.ententeinsurance.ca\/fr\/wp-json\/wp\/v2\/pages\/315\/revisions"}],"wp:featuredmedia":[{"embeddable":true,"href":"https:\/\/ocsta.ententeinsurance.ca\/fr\/wp-json\/wp\/v2\/media\/981"}],"wp:attachment":[{"href":"https:\/\/ocsta.ententeinsurance.ca\/fr\/wp-json\/wp\/v2\/media?parent=315"}],"curies":[{"name":"wp","href":"https:\/\/api.w.org\/{rel}","templated":true}]}}