{"id":393,"date":"2024-12-11T19:40:12","date_gmt":"2024-12-11T19:40:12","guid":{"rendered":"https:\/\/ocsta.rtoeroinsurdev.wpenginepowered.com\/entente-application\/"},"modified":"2025-01-21T21:57:46","modified_gmt":"2025-01-21T21:57:46","slug":"entente-application","status":"publish","type":"page","link":"https:\/\/ocsta.ententeinsurance.ca\/fr\/entente-application\/","title":{"rendered":"Demande d&#8217;adh\u00e9sion au programme d&#8217;assurance collective Entente"},"content":{"rendered":"\t\t<div data-elementor-type=\"wp-page\" data-elementor-id=\"393\" class=\"elementor elementor-393 elementor-239\" data-elementor-post-type=\"page\">\n\t\t\t\t<div class=\"elementor-element elementor-element-313f1988 e-flex e-con-boxed e-con e-parent\" data-id=\"313f1988\" data-element_type=\"container\" data-e-type=\"container\">\n\t\t\t\t\t<div class=\"e-con-inner\">\n\t\t\t\t<div class=\"elementor-element elementor-element-453ee158 elementor-widget elementor-widget-text-editor\" data-id=\"453ee158\" data-element_type=\"widget\" data-e-type=\"widget\" data-widget_type=\"text-editor.default\">\n\t\t\t\t<div class=\"elementor-widget-container\">\n\t\t\t\t\t\t\t\t\t\n\t\t\t\t\t\t\t\t<\/div>\n\t\t\t\t<\/div>\n\t\t\t\t\t<\/div>\n\t\t\t\t<\/div>\n\t\t\t\t<\/div>\n\t\t","protected":false},"excerpt":{"rendered":"<p>Demande d&#8217;adh\u00e9sion au programme d&#8217;assurance collective Entente Demande d&#8217;adh\u00e9sion au programme d&#8217;assurance collective Entente Demande d&#8217;adh\u00e9sion au programme d&#8217;assurance collective Entente Demande d&#8217;adh\u00e9sion au programme d&#8217;assurance collective Entente Demande d&#8217;adh\u00e9sion au programme d&#8217;assurance collective Entente Demande d&#8217;adh\u00e9sion au programme d&#8217;assurance collective Entente Demande d&#8217;adh\u00e9sion au programme d&#8217;assurance collective Entente Demande d&#8217;adh\u00e9sion au programme d&#8217;assurance collective [&hellip;]<\/p>\n","protected":false},"author":5,"featured_media":0,"parent":0,"menu_order":0,"comment_status":"closed","ping_status":"closed","template":"","meta":{"_acf_changed":false,"inline_featured_image":false,"footnotes":""},"class_list":["post-393","page","type-page","status-publish","hentry"],"acf":[],"yoast_head":"<!-- This site is optimized with the Yoast SEO plugin v27.3 - https:\/\/yoast.com\/product\/yoast-seo-wordpress\/ -->\n<title>Demande d&#039;adh\u00e9sion au programme d&#039;assurance collective Entente - Assurance collective pour les membres de la PGA du Canada<\/title>\n<meta name=\"robots\" content=\"noindex, follow, max-snippet:-1, max-image-preview:large, max-video-preview:-1\" \/>\n<meta property=\"og:locale\" content=\"fr_FR\" \/>\n<meta property=\"og:type\" content=\"article\" \/>\n<meta property=\"og:title\" content=\"Demande d&#039;adh\u00e9sion au programme d&#039;assurance collective Entente - Assurance collective pour les membres de la PGA du Canada\" \/>\n<meta property=\"og:description\" content=\"Demande d&#039;adh\u00e9sion au programme d&#039;assurance collective Entente Demande d&#039;adh\u00e9sion au programme d&#039;assurance collective Entente Demande d&#039;adh\u00e9sion au programme d&#039;assurance collective Entente Demande d&#039;adh\u00e9sion au programme d&#039;assurance collective Entente Demande d&#039;adh\u00e9sion au programme d&#039;assurance collective Entente Demande d&#039;adh\u00e9sion au programme d&#039;assurance collective Entente Demande d&#039;adh\u00e9sion au programme d&#039;assurance collective Entente Demande d&#039;adh\u00e9sion au programme d&#039;assurance collective [&hellip;]\" \/>\n<meta property=\"og:url\" content=\"https:\/\/ocsta.ententeinsurance.ca\/fr\/entente-application\/\" \/>\n<meta property=\"og:site_name\" content=\"Assurance collective pour les membres de la PGA du Canada\" \/>\n<meta property=\"article:modified_time\" content=\"2025-01-21T21:57:46+00:00\" \/>\n<meta property=\"og:image\" content=\"https:\/\/ocsta.ententeinsurance.ca\/wp-content\/uploads\/sites\/4\/2025\/01\/image-4.png\" \/>\n<meta name=\"twitter:card\" content=\"summary_large_image\" \/>\n<meta name=\"twitter:label1\" content=\"Dur\u00e9e de lecture estim\u00e9e\" \/>\n\t<meta name=\"twitter:data1\" content=\"2 minutes\" \/>\n<script type=\"application\/ld+json\" class=\"yoast-schema-graph\">{\"@context\":\"https:\\\/\\\/schema.org\",\"@graph\":[{\"@type\":\"WebPage\",\"@id\":\"https:\\\/\\\/ocsta.ententeinsurance.ca\\\/fr\\\/entente-application\\\/\",\"url\":\"https:\\\/\\\/ocsta.ententeinsurance.ca\\\/fr\\\/entente-application\\\/\",\"name\":\"Demande d'adh\u00e9sion au programme d'assurance collective Entente - Assurance collective pour les membres de la PGA du Canada\",\"isPartOf\":{\"@id\":\"https:\\\/\\\/ocsta.ententeinsurance.ca\\\/fr\\\/#website\"},\"primaryImageOfPage\":{\"@id\":\"https:\\\/\\\/ocsta.ententeinsurance.ca\\\/fr\\\/entente-application\\\/#primaryimage\"},\"image\":{\"@id\":\"https:\\\/\\\/ocsta.ententeinsurance.ca\\\/fr\\\/entente-application\\\/#primaryimage\"},\"thumbnailUrl\":\"https:\\\/\\\/ocsta.ententeinsurance.ca\\\/wp-content\\\/uploads\\\/sites\\\/4\\\/2025\\\/01\\\/image-4.png\",\"datePublished\":\"2024-12-11T19:40:12+00:00\",\"dateModified\":\"2025-01-21T21:57:46+00:00\",\"breadcrumb\":{\"@id\":\"https:\\\/\\\/ocsta.ententeinsurance.ca\\\/fr\\\/entente-application\\\/#breadcrumb\"},\"inLanguage\":\"fr-FR\",\"potentialAction\":[{\"@type\":\"ReadAction\",\"target\":[\"https:\\\/\\\/ocsta.ententeinsurance.ca\\\/fr\\\/entente-application\\\/\"]}]},{\"@type\":\"ImageObject\",\"inLanguage\":\"fr-FR\",\"@id\":\"https:\\\/\\\/ocsta.ententeinsurance.ca\\\/fr\\\/entente-application\\\/#primaryimage\",\"url\":\"https:\\\/\\\/ocsta.ententeinsurance.ca\\\/wp-content\\\/uploads\\\/sites\\\/4\\\/2025\\\/01\\\/image-4.png\",\"contentUrl\":\"https:\\\/\\\/ocsta.ententeinsurance.ca\\\/wp-content\\\/uploads\\\/sites\\\/4\\\/2025\\\/01\\\/image-4.png\"},{\"@type\":\"BreadcrumbList\",\"@id\":\"https:\\\/\\\/ocsta.ententeinsurance.ca\\\/fr\\\/entente-application\\\/#breadcrumb\",\"itemListElement\":[{\"@type\":\"ListItem\",\"position\":1,\"name\":\"Home\",\"item\":\"https:\\\/\\\/ocsta.ententeinsurance.ca\\\/fr\\\/\"},{\"@type\":\"ListItem\",\"position\":2,\"name\":\"Demande d&#8217;adh\u00e9sion au programme d&#8217;assurance collective Entente\"}]},{\"@type\":\"WebSite\",\"@id\":\"https:\\\/\\\/ocsta.ententeinsurance.ca\\\/fr\\\/#website\",\"url\":\"https:\\\/\\\/ocsta.ententeinsurance.ca\\\/fr\\\/\",\"name\":\"Assurance collective pour les membres de la PGA du Canada\",\"description\":\"Entente Group Insurance Program\",\"potentialAction\":[{\"@type\":\"SearchAction\",\"target\":{\"@type\":\"EntryPoint\",\"urlTemplate\":\"https:\\\/\\\/ocsta.ententeinsurance.ca\\\/fr\\\/?s={search_term_string}\"},\"query-input\":{\"@type\":\"PropertyValueSpecification\",\"valueRequired\":true,\"valueName\":\"search_term_string\"}}],\"inLanguage\":\"fr-FR\"}]}<\/script>\n<!-- \/ Yoast SEO plugin. -->","yoast_head_json":{"title":"Demande d'adh\u00e9sion au programme d'assurance collective Entente - Assurance collective pour les membres de la PGA du Canada","robots":{"index":"noindex","follow":"follow","max-snippet":"max-snippet:-1","max-image-preview":"max-image-preview:large","max-video-preview":"max-video-preview:-1"},"og_locale":"fr_FR","og_type":"article","og_title":"Demande d'adh\u00e9sion au programme d'assurance collective Entente - Assurance collective pour les membres de la PGA du Canada","og_description":"Demande d'adh\u00e9sion au programme d'assurance collective Entente Demande d'adh\u00e9sion au programme d'assurance collective Entente Demande d'adh\u00e9sion au programme d'assurance collective Entente Demande d'adh\u00e9sion au programme d'assurance collective Entente Demande d'adh\u00e9sion au programme d'assurance collective Entente Demande d'adh\u00e9sion au programme d'assurance collective Entente Demande d'adh\u00e9sion au programme d'assurance collective Entente Demande d'adh\u00e9sion au programme d'assurance collective [&hellip;]","og_url":"https:\/\/ocsta.ententeinsurance.ca\/fr\/entente-application\/","og_site_name":"Assurance collective pour les membres de la PGA du Canada","article_modified_time":"2025-01-21T21:57:46+00:00","og_image":[{"url":"https:\/\/ocsta.ententeinsurance.ca\/wp-content\/uploads\/sites\/4\/2025\/01\/image-4.png","type":"","width":"","height":""}],"twitter_card":"summary_large_image","twitter_misc":{"Dur\u00e9e de lecture estim\u00e9e":"2 minutes"},"schema":{"@context":"https:\/\/schema.org","@graph":[{"@type":"WebPage","@id":"https:\/\/ocsta.ententeinsurance.ca\/fr\/entente-application\/","url":"https:\/\/ocsta.ententeinsurance.ca\/fr\/entente-application\/","name":"Demande d'adh\u00e9sion au programme d'assurance collective Entente - Assurance collective pour les membres de la PGA du Canada","isPartOf":{"@id":"https:\/\/ocsta.ententeinsurance.ca\/fr\/#website"},"primaryImageOfPage":{"@id":"https:\/\/ocsta.ententeinsurance.ca\/fr\/entente-application\/#primaryimage"},"image":{"@id":"https:\/\/ocsta.ententeinsurance.ca\/fr\/entente-application\/#primaryimage"},"thumbnailUrl":"https:\/\/ocsta.ententeinsurance.ca\/wp-content\/uploads\/sites\/4\/2025\/01\/image-4.png","datePublished":"2024-12-11T19:40:12+00:00","dateModified":"2025-01-21T21:57:46+00:00","breadcrumb":{"@id":"https:\/\/ocsta.ententeinsurance.ca\/fr\/entente-application\/#breadcrumb"},"inLanguage":"fr-FR","potentialAction":[{"@type":"ReadAction","target":["https:\/\/ocsta.ententeinsurance.ca\/fr\/entente-application\/"]}]},{"@type":"ImageObject","inLanguage":"fr-FR","@id":"https:\/\/ocsta.ententeinsurance.ca\/fr\/entente-application\/#primaryimage","url":"https:\/\/ocsta.ententeinsurance.ca\/wp-content\/uploads\/sites\/4\/2025\/01\/image-4.png","contentUrl":"https:\/\/ocsta.ententeinsurance.ca\/wp-content\/uploads\/sites\/4\/2025\/01\/image-4.png"},{"@type":"BreadcrumbList","@id":"https:\/\/ocsta.ententeinsurance.ca\/fr\/entente-application\/#breadcrumb","itemListElement":[{"@type":"ListItem","position":1,"name":"Home","item":"https:\/\/ocsta.ententeinsurance.ca\/fr\/"},{"@type":"ListItem","position":2,"name":"Demande d&#8217;adh\u00e9sion au programme d&#8217;assurance collective Entente"}]},{"@type":"WebSite","@id":"https:\/\/ocsta.ententeinsurance.ca\/fr\/#website","url":"https:\/\/ocsta.ententeinsurance.ca\/fr\/","name":"Assurance collective pour les membres de la PGA du Canada","description":"Entente Group Insurance Program","potentialAction":[{"@type":"SearchAction","target":{"@type":"EntryPoint","urlTemplate":"https:\/\/ocsta.ententeinsurance.ca\/fr\/?s={search_term_string}"},"query-input":{"@type":"PropertyValueSpecification","valueRequired":true,"valueName":"search_term_string"}}],"inLanguage":"fr-FR"}]}},"_links":{"self":[{"href":"https:\/\/ocsta.ententeinsurance.ca\/fr\/wp-json\/wp\/v2\/pages\/393","targetHints":{"allow":["GET"]}}],"collection":[{"href":"https:\/\/ocsta.ententeinsurance.ca\/fr\/wp-json\/wp\/v2\/pages"}],"about":[{"href":"https:\/\/ocsta.ententeinsurance.ca\/fr\/wp-json\/wp\/v2\/types\/page"}],"author":[{"embeddable":true,"href":"https:\/\/ocsta.ententeinsurance.ca\/fr\/wp-json\/wp\/v2\/users\/5"}],"replies":[{"embeddable":true,"href":"https:\/\/ocsta.ententeinsurance.ca\/fr\/wp-json\/wp\/v2\/comments?post=393"}],"version-history":[{"count":0,"href":"https:\/\/ocsta.ententeinsurance.ca\/fr\/wp-json\/wp\/v2\/pages\/393\/revisions"}],"wp:attachment":[{"href":"https:\/\/ocsta.ententeinsurance.ca\/fr\/wp-json\/wp\/v2\/media?parent=393"}],"curies":[{"name":"wp","href":"https:\/\/api.w.org\/{rel}","templated":true}]}}