{"id":779,"date":"2025-06-17T12:24:57","date_gmt":"2025-06-17T12:24:57","guid":{"rendered":"https:\/\/ocsta.rtoeroinsurdev.wpenginepowered.com\/more-benefits\/"},"modified":"2025-12-17T18:55:50","modified_gmt":"2025-12-17T18:55:50","slug":"plusdavantages","status":"publish","type":"page","link":"https:\/\/ocsta.ententeinsurance.ca\/fr\/plusdavantages\/","title":{"rendered":"Plus d\u2019avantages"},"content":{"rendered":"\t\t<div data-elementor-type=\"wp-page\" data-elementor-id=\"779\" class=\"elementor elementor-779 elementor-675\" data-elementor-post-type=\"page\">\n\t\t\t\t<div class=\"elementor-element elementor-element-fc87b72 bg-pri heading-banner e-flex e-con-boxed e-con e-parent\" data-id=\"fc87b72\" data-element_type=\"container\" data-e-type=\"container\">\n\t\t\t\t\t<div class=\"e-con-inner\">\n\t\t\t\t<div class=\"elementor-element elementor-element-dec2348 elementor-vertical-align-middle heading-banner-title elementor-widget elementor-widget-image-box\" data-id=\"dec2348\" data-element_type=\"widget\" data-e-type=\"widget\" data-widget_type=\"image-box.default\">\n\t\t\t\t<div class=\"elementor-widget-container\">\n\t\t\t\t\t<div class=\"elementor-image-box-wrapper\"><div class=\"elementor-image-box-content\"><h1 class=\"elementor-image-box-title\">Plus d\u2019avantages<\/h1><\/div><\/div>\t\t\t\t<\/div>\n\t\t\t\t<\/div>\n\t\t\t\t\t<\/div>\n\t\t\t\t<\/div>\n\t\t<div class=\"elementor-element elementor-element-7f18a30 e-flex e-con-boxed e-con e-parent\" data-id=\"7f18a30\" data-element_type=\"container\" data-e-type=\"container\">\n\t\t\t\t\t<div class=\"e-con-inner\">\n\t\t\t\t<div class=\"elementor-element elementor-element-8f1211a elementor-widget elementor-widget-breadcrumbs\" data-id=\"8f1211a\" data-element_type=\"widget\" data-e-type=\"widget\" data-widget_type=\"breadcrumbs.default\">\n\t\t\t\t<div class=\"elementor-widget-container\">\n\t\t\t\t\t<p id=\"breadcrumbs\"><span><span><a href=\"https:\/\/ocsta.ententeinsurance.ca\/fr\/\">Home<\/a><\/span><\/span><\/p>\t\t\t\t<\/div>\n\t\t\t\t<\/div>\n\t\t\t\t<div class=\"elementor-element elementor-element-e29bdc2 page-intro-para elementor-widget elementor-widget-text-editor\" data-id=\"e29bdc2\" data-element_type=\"widget\" data-e-type=\"widget\" data-widget_type=\"text-editor.default\">\n\t\t\t\t<div class=\"elementor-widget-container\">\n\t\t\t\t\t\t\t\t\t<p>M\u00eame si le r\u00e9gime d\u2019assurance collective reste l\u2019avantage le plus populaire aupr\u00e8s des membres de Entente \u00c9ducation Canada, ce n\u2019est qu\u2019un d\u00e9but.<\/p>\t\t\t\t\t\t\t\t<\/div>\n\t\t\t\t<\/div>\n\t\t\t\t<div class=\"elementor-element elementor-element-1ff8b8f text-desc elementor-widget elementor-widget-text-editor\" data-id=\"1ff8b8f\" data-element_type=\"widget\" data-e-type=\"widget\" data-widget_type=\"text-editor.default\">\n\t\t\t\t<div class=\"elementor-widget-container\">\n\t\t\t\t\t\t\t\t\t<h3>Assurances<\/h3>\n<p><\/p>\n<ul>\n<li>R\u00e9gimes d\u2019assurance sant\u00e9 collective complets g\u00e9r\u00e9s sur une base non lucrative, avec assurance voyage int\u00e9gr\u00e9e, pour la retraite ou pendant la vie active<\/li>\n<li>Couverture d\u2019assurance pour les membres de votre famille imm\u00e9diate<\/li>\n<li>\u00c9conomies exclusives jusqu\u2019\u00e0 36 % sur l\u2019assurance auto et habitation par l\u2019entremise de belairdirect<\/li>\n<li>Assurance vie et d\u00e9c\u00e8s accidentel<\/li>\n<li>Assurance annulation et interruption de voyage pour voyages multiples<\/li>\n<\/ul>\n<p>&nbsp;<\/p>\n<h3>Rabais<\/h3>\n<p><\/p>\n<ul>\n<li>Plus de 3\u2009000 rabais avec Venngo MemberPerks\u00ae<\/li>\n<li>Rabais de voyages exclusifs (solo et de groupe) avec Merit Travel<\/li>\n<li>R\u00e9ductions sur les t\u00e9l\u00e9phones cellulaires, les forfaits et plus encore dans le cadre du Programme exclusif des partenaires de TELUS<\/li>\n<li>\u00c9conomies sur les aides auditives et visuelles par l\u2019entremise de HearingLife et d\u2019Iris<\/li>\n<\/ul>\n<p>&nbsp;<\/p>\n<h3>Ressources<\/h3>\n<p><\/p>\n<ul>\n<li>Magazine trimestriel prim\u00e9 Renaissance consacr\u00e9 \u00e0 l\u2019art de vivre<\/li>\n<li>Infolettre prim\u00e9e <em>Liaison<\/em> sur la sant\u00e9 et le bien-\u00eatre<\/li>\n<li>Ressource annuelle compl\u00e8te de <em>Renseignements fiscaux<\/em> pour la p\u00e9riode des imp\u00f4ts<\/li>\n<li>Soutien pour planifier la retraite<\/li>\n<\/ul>\n<p>&nbsp;<\/p>\n<h3>Apprentissage<\/h3>\n<p><\/p>\n<ul>\n<li>Activit\u00e9s des districts organis\u00e9es par les membres<\/li>\n<li>S\u00e9rie de webinaires pour vivre en sant\u00e9, profiter de la retraite et plus encore<\/li>\n<li>RTOERO Apprentissage, notre plateforme d\u2019apprentissage sur demande<\/li>\n<\/ul>\n<p>&nbsp;<\/p>\n<h3>Communaut\u00e9<\/h3>\n<p><\/p>\n<ul>\n<li>Mobilisation en votre nom sur la g\u00e9rance environnementale et les enjeux qui pr\u00e9occupent les a\u00een\u00e9s<\/li>\n<li>Activit\u00e9s des districts, possibilit\u00e9s de b\u00e9n\u00e9volat et autres<\/li>\n<li>Communaut\u00e9s et services bilingues<\/li>\n<li>Subventions annuelles des districts pour des projets communautaires<\/li>\n<li>Bourses d\u2019\u00e9tudes post-secondaires annuelles pour les amis et la famille<\/li>\n<\/ul>\n\t\t\t\t\t\t\t\t<\/div>\n\t\t\t\t<\/div>\n\t\t\t\t<div class=\"elementor-element elementor-element-6b4afb4 elementor-widget elementor-widget-shortcode\" data-id=\"6b4afb4\" data-element_type=\"widget\" data-e-type=\"widget\" data-widget_type=\"shortcode.default\">\n\t\t\t\t<div class=\"elementor-widget-container\">\n\t\t\t\t\t\t\t<div class=\"elementor-shortcode\">\t\t<div data-elementor-type=\"container\" data-elementor-id=\"303\" class=\"elementor elementor-303 elementor-162 elementor-162\" data-elementor-post-type=\"elementor_library\">\n\t\t\t\t<div class=\"elementor-element elementor-element-e3bcf18 e-flex e-con-boxed e-con e-parent\" data-id=\"e3bcf18\" data-element_type=\"container\" data-e-type=\"container\">\n\t\t\t\t\t<div class=\"e-con-inner\">\n\t\t\t\t<div class=\"elementor-element elementor-element-02c4f83 color-pr elementor-widget elementor-widget-heading\" data-id=\"02c4f83\" data-element_type=\"widget\" data-e-type=\"widget\" data-widget_type=\"heading.default\">\n\t\t\t\t<div class=\"elementor-widget-container\">\n\t\t\t\t\t<h2 class=\"elementor-heading-title elementor-size-default\">Demande d\u2019assurance et d\u2019adh\u00e9sion en ligne<\/h2>\t\t\t\t<\/div>\n\t\t\t\t<\/div>\n\t\t<div class=\"elementor-element elementor-element-b89ba0b e-con-full e-flex e-con e-child\" data-id=\"b89ba0b\" data-element_type=\"container\" data-e-type=\"container\">\n\t\t<div class=\"elementor-element elementor-element-62abc3b e-con-full e-flex e-con e-child\" data-id=\"62abc3b\" data-element_type=\"container\" data-e-type=\"container\">\n\t\t\t\t<div class=\"elementor-element elementor-element-74d9295 elementor-widget elementor-widget-image\" data-id=\"74d9295\" data-element_type=\"widget\" data-e-type=\"widget\" data-widget_type=\"image.default\">\n\t\t\t\t<div class=\"elementor-widget-container\">\n\t\t\t\t\t\t\t\t\t\t\t\t\t\t\t<img loading=\"lazy\" decoding=\"async\" width=\"1460\" height=\"1234\" src=\"https:\/\/ocsta.ententeinsurance.ca\/wp-content\/uploads\/sites\/3\/2025\/06\/Insurance-program-booklet.png\" class=\"attachment-full size-full wp-image-589\" alt=\"insurance and membership\" srcset=\"https:\/\/ocsta.ententeinsurance.ca\/wp-content\/uploads\/sites\/3\/2025\/06\/Insurance-program-booklet.png 1460w, https:\/\/ocsta.ententeinsurance.ca\/wp-content\/uploads\/sites\/3\/2025\/06\/Insurance-program-booklet-300x254.png 300w, https:\/\/ocsta.ententeinsurance.ca\/wp-content\/uploads\/sites\/3\/2025\/06\/Insurance-program-booklet-1024x865.png 1024w, https:\/\/ocsta.ententeinsurance.ca\/wp-content\/uploads\/sites\/3\/2025\/06\/Insurance-program-booklet-768x649.png 768w\" sizes=\"auto, (max-width: 1460px) 100vw, 1460px\" \/>\t\t\t\t\t\t\t\t\t\t\t\t\t\t\t<\/div>\n\t\t\t\t<\/div>\n\t\t\t\t<\/div>\n\t\t<div class=\"elementor-element elementor-element-dd41179 e-con-full e-flex e-con e-child\" data-id=\"dd41179\" data-element_type=\"container\" data-e-type=\"container\">\n\t\t\t\t<div class=\"elementor-element elementor-element-522c15f elementor-position-left img-pri-color img-box elementor-position-left elementor-vertical-align-top elementor-widget elementor-widget-image-box\" data-id=\"522c15f\" data-element_type=\"widget\" data-e-type=\"widget\" data-widget_type=\"image-box.default\">\n\t\t\t\t<div class=\"elementor-widget-container\">\n\t\t\t\t\t<div class=\"elementor-image-box-wrapper\"><figure class=\"elementor-image-box-img\"><img loading=\"lazy\" decoding=\"async\" width=\"1\" height=\"1\" src=\"https:\/\/ocsta.ententeinsurance.ca\/wp-content\/uploads\/sites\/3\/2025\/06\/shield-trust.svg\" class=\"attachment-full size-full wp-image-594\" alt=\"\" \/><\/figure><div class=\"elementor-image-box-content\"><h3 class=\"elementor-image-box-title\">Acceptation garantie<\/h3><p class=\"elementor-image-box-description\">La garantie d\u2019acceptation est toujours disponible pour les membres transf\u00e9r\u00e9s d\u2019un autre r\u00e9gime collectif ou compl\u00e9tant un autre r\u00e9gime collectif. <\/p><\/div><\/div>\t\t\t\t<\/div>\n\t\t\t\t<\/div>\n\t\t\t\t<div class=\"elementor-element elementor-element-99873e2 elementor-position-left img-pri-color img-box elementor-position-left elementor-vertical-align-top elementor-widget elementor-widget-image-box\" data-id=\"99873e2\" data-element_type=\"widget\" data-e-type=\"widget\" data-widget_type=\"image-box.default\">\n\t\t\t\t<div class=\"elementor-widget-container\">\n\t\t\t\t\t<div class=\"elementor-image-box-wrapper\"><figure class=\"elementor-image-box-img\"><img loading=\"lazy\" decoding=\"async\" width=\"1\" height=\"1\" src=\"https:\/\/ocsta.ententeinsurance.ca\/wp-content\/uploads\/sites\/3\/2025\/06\/shield-trust.svg\" class=\"attachment-full size-full wp-image-594\" alt=\"\" \/><\/figure><div class=\"elementor-image-box-content\"><h3 class=\"elementor-image-box-title\">La couverture requise<\/h3><p class=\"elementor-image-box-description\">Protection individuelle, de couple ou familiale disponible. L\u2019assurance voyage compl\u00e8te vous prot\u00e8ge. <\/p><\/div><\/div>\t\t\t\t<\/div>\n\t\t\t\t<\/div>\n\t\t\t\t<div class=\"elementor-element elementor-element-0634279 elementor-position-left img-pri-color img-box elementor-position-left elementor-vertical-align-top elementor-widget elementor-widget-image-box\" data-id=\"0634279\" data-element_type=\"widget\" data-e-type=\"widget\" data-widget_type=\"image-box.default\">\n\t\t\t\t<div class=\"elementor-widget-container\">\n\t\t\t\t\t<div class=\"elementor-image-box-wrapper\"><figure class=\"elementor-image-box-img\"><img loading=\"lazy\" decoding=\"async\" width=\"1\" height=\"1\" src=\"https:\/\/ocsta.ententeinsurance.ca\/wp-content\/uploads\/sites\/3\/2025\/06\/shield-trust.svg\" class=\"attachment-full size-full wp-image-594\" alt=\"\" \/><\/figure><div class=\"elementor-image-box-content\"><h3 class=\"elementor-image-box-title\">Plus qu\u2019une assurance<\/h3><p class=\"elementor-image-box-description\">Vous devenez membre de Entente \u00c9ducation Canada, ce qui vous donne acc\u00e8s \u00e0 des avantages exclusifs, \u00e0 une plateforme nationale de mobilisation politique et \u00e0 des occasions de faire des contacts, de diriger et de rendre service au sein d\u2019une communaut\u00e9 qui valorise l\u2019\u00e9ducation et le service public.<\/p><\/div><\/div>\t\t\t\t<\/div>\n\t\t\t\t<\/div>\n\t\t\t\t<\/div>\n\t\t\t\t<\/div>\n\t\t\t\t<div class=\"elementor-element elementor-element-26bedb7 cmn-btn elementor-align-center elementor-mobile-align-center elementor-widget elementor-widget-button\" data-id=\"26bedb7\" data-element_type=\"widget\" data-e-type=\"widget\" data-widget_type=\"button.default\">\n\t\t\t\t<div class=\"elementor-widget-container\">\n\t\t\t\t\t\t\t\t\t<div class=\"elementor-button-wrapper\">\n\t\t\t\t\t<a class=\"elementor-button elementor-button-link elementor-size-sm\" href=\"\/fr\/souscrivez-des-maintenant\/\">\n\t\t\t\t\t\t<span class=\"elementor-button-content-wrapper\">\n\t\t\t\t\t\t\t\t\t<span class=\"elementor-button-text\">Devenez membre d\u00e8s maintenant<\/span>\n\t\t\t\t\t<\/span>\n\t\t\t\t\t<\/a>\n\t\t\t\t<\/div>\n\t\t\t\t\t\t\t\t<\/div>\n\t\t\t\t<\/div>\n\t\t\t\t\t<\/div>\n\t\t\t\t<\/div>\n\t\t\t\t<\/div>\n\t\t\t\t<div data-elementor-type=\"container\" data-elementor-id=\"304\" class=\"elementor elementor-304 elementor-163 elementor-163\" data-elementor-post-type=\"elementor_library\">\n\t\t\t\t<div class=\"elementor-element elementor-element-31eabc15 p-100 pri-ques-wrap e-flex e-con-boxed e-con e-parent\" data-id=\"31eabc15\" data-element_type=\"container\" data-e-type=\"container\">\n\t\t\t\t\t<div class=\"e-con-inner\">\n\t\t<div class=\"elementor-element elementor-element-7ba8e857 e-con-full bg-pri e-flex e-con e-child\" data-id=\"7ba8e857\" data-element_type=\"container\" data-e-type=\"container\">\n\t\t<div class=\"elementor-element elementor-element-340bd969 e-con-full e-flex e-con e-child\" data-id=\"340bd969\" data-element_type=\"container\" data-e-type=\"container\">\n\t\t\t\t<div class=\"elementor-element elementor-element-7aaebe08 elementor-widget__width-inherit elementor-widget elementor-widget-text-editor\" data-id=\"7aaebe08\" data-element_type=\"widget\" data-e-type=\"widget\" data-widget_type=\"text-editor.default\">\n\t\t\t\t<div class=\"elementor-widget-container\">\n\t\t\t\t\t\t\t\t\t<h2>Des questions?<\/h2>\n<p><\/p>\n<h2>Contactez-nous :<\/h2>\n\t\t\t\t\t\t\t\t<\/div>\n\t\t\t\t<\/div>\n\t\t\t\t<\/div>\n\t\t<div class=\"elementor-element elementor-element-2737fd2f e-con-full e-flex e-con e-child\" data-id=\"2737fd2f\" data-element_type=\"container\" data-e-type=\"container\">\n\t\t\t\t<div class=\"elementor-element elementor-element-34e27f58 text-white fs-lg elementor-widget elementor-widget-text-editor\" data-id=\"34e27f58\" data-element_type=\"widget\" data-e-type=\"widget\" data-widget_type=\"text-editor.default\">\n\t\t\t\t<div class=\"elementor-widget-container\">\n\t\t\t\t\t\t\t\t\t<p><a href=\"tel:1-800-361-9888\" target=\"_blank\" rel=\"noopener\">1-800-361-9888<\/a><br \/>Du lundi au vendredi, de 8 h 30 \u00e0 16 h 30 (HAE)<\/p><p><span style=\"text-decoration: underline;\"><a href=\"http:\/\/membership@entente.ca\">membership@entente.ca<\/a><\/span><\/p>\t\t\t\t\t\t\t\t<\/div>\n\t\t\t\t<\/div>\n\t\t\t\t<\/div>\n\t\t\t\t<\/div>\n\t\t\t\t\t<\/div>\n\t\t\t\t<\/div>\n\t\t\t\t<\/div>\n\t\t<\/div>\n\t\t\t\t\t\t<\/div>\n\t\t\t\t<\/div>\n\t\t\t\t\t<\/div>\n\t\t\t\t<\/div>\n\t\t\t\t<\/div>\n\t\t","protected":false},"excerpt":{"rendered":"<p>Plus d\u2019avantages M\u00eame si le r\u00e9gime d\u2019assurance collective reste l\u2019avantage le plus populaire aupr\u00e8s des membres de Entente \u00c9ducation Canada, ce n\u2019est qu\u2019un d\u00e9but. Assurances R\u00e9gimes d\u2019assurance sant\u00e9 collective complets g\u00e9r\u00e9s sur une base non lucrative, avec assurance voyage int\u00e9gr\u00e9e, pour la retraite ou pendant la vie active Couverture d\u2019assurance pour les membres de votre [&hellip;]<\/p>\n","protected":false},"author":4,"featured_media":0,"parent":0,"menu_order":0,"comment_status":"closed","ping_status":"closed","template":"","meta":{"_acf_changed":false,"inline_featured_image":false,"footnotes":""},"class_list":["post-779","page","type-page","status-publish","hentry"],"acf":[],"yoast_head":"<!-- This site is optimized with the Yoast SEO plugin v27.4 - https:\/\/yoast.com\/product\/yoast-seo-wordpress\/ -->\n<title>Plus d\u2019avantages - Assurance collective pour les membres de la PGA du Canada<\/title>\n<meta name=\"robots\" content=\"noindex, follow, max-snippet:-1, max-image-preview:large, max-video-preview:-1\" \/>\n<meta property=\"og:locale\" content=\"fr_FR\" \/>\n<meta property=\"og:type\" content=\"article\" \/>\n<meta property=\"og:title\" content=\"Plus d\u2019avantages - Assurance collective pour les membres de la PGA du Canada\" \/>\n<meta property=\"og:description\" content=\"Plus d\u2019avantages M\u00eame si le r\u00e9gime d\u2019assurance collective reste l\u2019avantage le plus populaire aupr\u00e8s des membres de Entente \u00c9ducation Canada, ce n\u2019est qu\u2019un d\u00e9but. Assurances R\u00e9gimes d\u2019assurance sant\u00e9 collective complets g\u00e9r\u00e9s sur une base non lucrative, avec assurance voyage int\u00e9gr\u00e9e, pour la retraite ou pendant la vie active Couverture d\u2019assurance pour les membres de votre [&hellip;]\" \/>\n<meta property=\"og:url\" content=\"https:\/\/ocsta.ententeinsurance.ca\/fr\/plusdavantages\/\" \/>\n<meta property=\"og:site_name\" content=\"Assurance collective pour les membres de la PGA du Canada\" \/>\n<meta property=\"article:modified_time\" content=\"2025-12-17T18:55:50+00:00\" \/>\n<meta property=\"og:image\" content=\"https:\/\/ocsta.ententeinsurance.ca\/wp-content\/uploads\/sites\/3\/2026\/02\/featured-image.png\" \/>\n\t<meta property=\"og:image:width\" content=\"1140\" \/>\n\t<meta property=\"og:image:height\" content=\"690\" \/>\n\t<meta property=\"og:image:type\" content=\"image\/png\" \/>\n<meta name=\"twitter:card\" content=\"summary_large_image\" \/>\n<meta name=\"twitter:label1\" content=\"Dur\u00e9e de lecture estim\u00e9e\" \/>\n\t<meta name=\"twitter:data1\" content=\"3 minutes\" \/>\n<script type=\"application\/ld+json\" class=\"yoast-schema-graph\">{\"@context\":\"https:\\\/\\\/schema.org\",\"@graph\":[{\"@type\":\"WebPage\",\"@id\":\"https:\\\/\\\/ocsta.ententeinsurance.ca\\\/fr\\\/plusdavantages\\\/\",\"url\":\"https:\\\/\\\/ocsta.ententeinsurance.ca\\\/fr\\\/plusdavantages\\\/\",\"name\":\"Plus d\u2019avantages - Assurance collective pour les membres de la PGA du Canada\",\"isPartOf\":{\"@id\":\"https:\\\/\\\/ocsta.ententeinsurance.ca\\\/fr\\\/#website\"},\"datePublished\":\"2025-06-17T12:24:57+00:00\",\"dateModified\":\"2025-12-17T18:55:50+00:00\",\"breadcrumb\":{\"@id\":\"https:\\\/\\\/ocsta.ententeinsurance.ca\\\/fr\\\/plusdavantages\\\/#breadcrumb\"},\"inLanguage\":\"fr-FR\",\"potentialAction\":[{\"@type\":\"ReadAction\",\"target\":[\"https:\\\/\\\/ocsta.ententeinsurance.ca\\\/fr\\\/plusdavantages\\\/\"]}]},{\"@type\":\"BreadcrumbList\",\"@id\":\"https:\\\/\\\/ocsta.ententeinsurance.ca\\\/fr\\\/plusdavantages\\\/#breadcrumb\",\"itemListElement\":[{\"@type\":\"ListItem\",\"position\":1,\"name\":\"Home\",\"item\":\"https:\\\/\\\/ocsta.ententeinsurance.ca\\\/fr\\\/\"},{\"@type\":\"ListItem\",\"position\":2,\"name\":\"Plus d\u2019avantages\"}]},{\"@type\":\"WebSite\",\"@id\":\"https:\\\/\\\/ocsta.ententeinsurance.ca\\\/fr\\\/#website\",\"url\":\"https:\\\/\\\/ocsta.ententeinsurance.ca\\\/fr\\\/\",\"name\":\"Assurance collective pour les membres de la PGA du Canada\",\"description\":\"Entente Group Insurance Program\",\"potentialAction\":[{\"@type\":\"SearchAction\",\"target\":{\"@type\":\"EntryPoint\",\"urlTemplate\":\"https:\\\/\\\/ocsta.ententeinsurance.ca\\\/fr\\\/?s={search_term_string}\"},\"query-input\":{\"@type\":\"PropertyValueSpecification\",\"valueRequired\":true,\"valueName\":\"search_term_string\"}}],\"inLanguage\":\"fr-FR\"}]}<\/script>\n<!-- \/ Yoast SEO plugin. -->","yoast_head_json":{"title":"Plus d\u2019avantages - Assurance collective pour les membres de la PGA du Canada","robots":{"index":"noindex","follow":"follow","max-snippet":"max-snippet:-1","max-image-preview":"max-image-preview:large","max-video-preview":"max-video-preview:-1"},"og_locale":"fr_FR","og_type":"article","og_title":"Plus d\u2019avantages - Assurance collective pour les membres de la PGA du Canada","og_description":"Plus d\u2019avantages M\u00eame si le r\u00e9gime d\u2019assurance collective reste l\u2019avantage le plus populaire aupr\u00e8s des membres de Entente \u00c9ducation Canada, ce n\u2019est qu\u2019un d\u00e9but. Assurances R\u00e9gimes d\u2019assurance sant\u00e9 collective complets g\u00e9r\u00e9s sur une base non lucrative, avec assurance voyage int\u00e9gr\u00e9e, pour la retraite ou pendant la vie active Couverture d\u2019assurance pour les membres de votre [&hellip;]","og_url":"https:\/\/ocsta.ententeinsurance.ca\/fr\/plusdavantages\/","og_site_name":"Assurance collective pour les membres de la PGA du Canada","article_modified_time":"2025-12-17T18:55:50+00:00","og_image":[{"width":1140,"height":690,"url":"https:\/\/ocsta.ententeinsurance.ca\/wp-content\/uploads\/sites\/3\/2026\/02\/featured-image.png","type":"image\/png"}],"twitter_card":"summary_large_image","twitter_misc":{"Dur\u00e9e de lecture estim\u00e9e":"3 minutes"},"schema":{"@context":"https:\/\/schema.org","@graph":[{"@type":"WebPage","@id":"https:\/\/ocsta.ententeinsurance.ca\/fr\/plusdavantages\/","url":"https:\/\/ocsta.ententeinsurance.ca\/fr\/plusdavantages\/","name":"Plus d\u2019avantages - Assurance collective pour les membres de la PGA du Canada","isPartOf":{"@id":"https:\/\/ocsta.ententeinsurance.ca\/fr\/#website"},"datePublished":"2025-06-17T12:24:57+00:00","dateModified":"2025-12-17T18:55:50+00:00","breadcrumb":{"@id":"https:\/\/ocsta.ententeinsurance.ca\/fr\/plusdavantages\/#breadcrumb"},"inLanguage":"fr-FR","potentialAction":[{"@type":"ReadAction","target":["https:\/\/ocsta.ententeinsurance.ca\/fr\/plusdavantages\/"]}]},{"@type":"BreadcrumbList","@id":"https:\/\/ocsta.ententeinsurance.ca\/fr\/plusdavantages\/#breadcrumb","itemListElement":[{"@type":"ListItem","position":1,"name":"Home","item":"https:\/\/ocsta.ententeinsurance.ca\/fr\/"},{"@type":"ListItem","position":2,"name":"Plus d\u2019avantages"}]},{"@type":"WebSite","@id":"https:\/\/ocsta.ententeinsurance.ca\/fr\/#website","url":"https:\/\/ocsta.ententeinsurance.ca\/fr\/","name":"Assurance collective pour les membres de la PGA du Canada","description":"Entente Group Insurance Program","potentialAction":[{"@type":"SearchAction","target":{"@type":"EntryPoint","urlTemplate":"https:\/\/ocsta.ententeinsurance.ca\/fr\/?s={search_term_string}"},"query-input":{"@type":"PropertyValueSpecification","valueRequired":true,"valueName":"search_term_string"}}],"inLanguage":"fr-FR"}]}},"_links":{"self":[{"href":"https:\/\/ocsta.ententeinsurance.ca\/fr\/wp-json\/wp\/v2\/pages\/779","targetHints":{"allow":["GET"]}}],"collection":[{"href":"https:\/\/ocsta.ententeinsurance.ca\/fr\/wp-json\/wp\/v2\/pages"}],"about":[{"href":"https:\/\/ocsta.ententeinsurance.ca\/fr\/wp-json\/wp\/v2\/types\/page"}],"author":[{"embeddable":true,"href":"https:\/\/ocsta.ententeinsurance.ca\/fr\/wp-json\/wp\/v2\/users\/4"}],"replies":[{"embeddable":true,"href":"https:\/\/ocsta.ententeinsurance.ca\/fr\/wp-json\/wp\/v2\/comments?post=779"}],"version-history":[{"count":0,"href":"https:\/\/ocsta.ententeinsurance.ca\/fr\/wp-json\/wp\/v2\/pages\/779\/revisions"}],"wp:attachment":[{"href":"https:\/\/ocsta.ententeinsurance.ca\/fr\/wp-json\/wp\/v2\/media?parent=779"}],"curies":[{"name":"wp","href":"https:\/\/api.w.org\/{rel}","templated":true}]}}